{"id":190,"date":"2025-01-11T11:45:39","date_gmt":"2025-01-11T11:45:39","guid":{"rendered":"https:\/\/staging.conja.net\/?page_id=190"},"modified":"2025-01-11T11:55:52","modified_gmt":"2025-01-11T11:55:52","slug":"unternehmensentwicklung","status":"publish","type":"page","link":"https:\/\/conja.net\/?page_id=190","title":{"rendered":"Unternehmensentwicklung"},"content":{"rendered":"\t\t<div data-elementor-type=\"wp-page\" data-elementor-id=\"190\" class=\"elementor elementor-190\" data-elementor-post-type=\"page\">\n\t\t\t\t<div class=\"elementor-element elementor-element-583a65dd e-con-full e-flex e-con e-parent\" data-id=\"583a65dd\" data-element_type=\"container\">\n\t\t<div class=\"elementor-element elementor-element-13e01a9b e-flex e-con-boxed e-con e-child\" data-id=\"13e01a9b\" data-element_type=\"container\" data-settings=\"{&quot;background_background&quot;:&quot;classic&quot;}\">\n\t\t\t\t\t<div class=\"e-con-inner\">\n\t\t\t\t<div class=\"elementor-element elementor-element-1c2cf6e2 elementor-widget elementor-widget-text-editor\" data-id=\"1c2cf6e2\" data-element_type=\"widget\" data-widget_type=\"text-editor.default\">\n\t\t\t\t<div class=\"elementor-widget-container\">\n\t\t\t\t\t\t\t<h1 style=\"font-size: 47px; margin: 0px 0px 10px; line-height: 55px; color: #c7aa8b; font-family: 'Roboto Condensed', sans-serif;\"><strong class=\"bold-text\" style=\"font-weight: bold; color: #f7f7f7; font-size: 40px;\">Unternehmensentwicklung<\/strong><\/h1>\t\t\t\t\t\t<\/div>\n\t\t\t\t<\/div>\n\t\t\t\t<div class=\"elementor-element elementor-element-7285acdb elementor-widget-divider--view-line elementor-widget elementor-widget-divider\" data-id=\"7285acdb\" data-element_type=\"widget\" data-widget_type=\"divider.default\">\n\t\t\t\t<div class=\"elementor-widget-container\">\n\t\t\t\t\t<div class=\"elementor-divider\">\n\t\t\t<span class=\"elementor-divider-separator\">\n\t\t\t\t\t\t<\/span>\n\t\t<\/div>\n\t\t\t\t<\/div>\n\t\t\t\t<\/div>\n\t\t\t\t<div class=\"elementor-element elementor-element-59f95b4 elementor-widget elementor-widget-text-editor\" data-id=\"59f95b4\" data-element_type=\"widget\" data-widget_type=\"text-editor.default\">\n\t\t\t\t<div class=\"elementor-widget-container\">\n\t\t\t\t\t\t\t<p>Conja bedeutet Unterst\u00fctzung und Impulse.<br \/>Wir erkennen Ihre Potenziale und helfen sie zu nutzen.<\/p>\t\t\t\t\t\t<\/div>\n\t\t\t\t<\/div>\n\t\t\t\t\t<\/div>\n\t\t\t\t<\/div>\n\t\t\t\t<div class=\"elementor-element elementor-element-3ffea0b elementor-widget elementor-widget-image\" data-id=\"3ffea0b\" data-element_type=\"widget\" data-widget_type=\"image.default\">\n\t\t\t\t<div class=\"elementor-widget-container\">\n\t\t\t\t\t\t\t\t\t\t\t\t\t<img fetchpriority=\"high\" decoding=\"async\" width=\"800\" height=\"480\" src=\"https:\/\/conja.net\/wp-content\/uploads\/2024\/09\/conja_1-p-1600-1024x614.jpeg\" class=\"attachment-large size-large wp-image-27\" alt=\"\" srcset=\"https:\/\/conja.net\/wp-content\/uploads\/2024\/09\/conja_1-p-1600-1024x614.jpeg 1024w, https:\/\/conja.net\/wp-content\/uploads\/2024\/09\/conja_1-p-1600-300x180.jpeg 300w, https:\/\/conja.net\/wp-content\/uploads\/2024\/09\/conja_1-p-1600-768x461.jpeg 768w, https:\/\/conja.net\/wp-content\/uploads\/2024\/09\/conja_1-p-1600-1536x922.jpeg 1536w, https:\/\/conja.net\/wp-content\/uploads\/2024\/09\/conja_1-p-1600.jpeg 1600w\" sizes=\"(max-width: 800px) 100vw, 800px\" \/>\t\t\t\t\t\t\t\t\t\t\t\t\t<\/div>\n\t\t\t\t<\/div>\n\t\t<div class=\"elementor-element elementor-element-1d3a8064 e-flex e-con-boxed e-con e-child\" data-id=\"1d3a8064\" data-element_type=\"container\">\n\t\t\t\t\t<div class=\"e-con-inner\">\n\t\t\t\t<div class=\"elementor-element elementor-element-7dd2677b elementor-widget elementor-widget-text-editor\" data-id=\"7dd2677b\" data-element_type=\"widget\" data-widget_type=\"text-editor.default\">\n\t\t\t\t<div class=\"elementor-widget-container\">\n\t\t\t\t\t\t\t<p>Unternehmer, Entscheider und Arbeitnehmer wissen recht genau, welchen Herausforderungen sich ihr Unternehmen aktuell stellen muss. Dabei verf\u00fcgen sie in der Regel \u00fcber ausreichend Kompetenzen und Erfahrungen sich diesen Aufgaben zu stellen. Die konsequenterweise starke Einbindung in das Tagesgesch\u00e4ft f\u00fchrt jedoch zu einer nat\u00fcrlichen Begrenzung der daf\u00fcr ben\u00f6tigten Ressourcen.<\/p><p>Wir entlasten und unterst\u00fctzen Unternehmen im Aufbau und in der erfolgreichen Fortf\u00fchrung ihrer \u00a0Gesch\u00e4ftsentwicklung. Die Schwerpunkte unserer Arbeit liegen in der Vertriebs \u2013 und Marketingentwicklung, im Organisationsaufbau und der Finanzierung von Investitionsvorhaben, sowohl operativ als auch strategisch. Dabei stellen wir durch unsere T\u00e4tigkeit dem Unternehmen zus\u00e4tzliche Ressourcen zur Verf\u00fcgung und geben unternehmerische Impulse.<\/p>\t\t\t\t\t\t<\/div>\n\t\t\t\t<\/div>\n\t\t\t\t\t<\/div>\n\t\t\t\t<\/div>\n\t\t\t\t<\/div>\n\t\t\t\t<\/div>\n\t\t","protected":false},"excerpt":{"rendered":"<p>Unternehmensentwicklung Conja bedeutet Unterst\u00fctzung und Impulse.Wir erkennen Ihre Potenziale und helfen sie zu nutzen. Unternehmer, Entscheider und Arbeitnehmer wissen recht genau, welchen Herausforderungen sich ihr Unternehmen aktuell stellen muss. Dabei verf\u00fcgen sie in der Regel \u00fcber ausreichend Kompetenzen und Erfahrungen sich diesen Aufgaben zu stellen. Die konsequenterweise starke Einbindung in das Tagesgesch\u00e4ft f\u00fchrt jedoch zu [&hellip;]<\/p>\n","protected":false},"author":1,"featured_media":0,"parent":0,"menu_order":0,"comment_status":"closed","ping_status":"closed","template":"","meta":{"footnotes":""},"class_list":["post-190","page","type-page","status-publish","hentry"],"_links":{"self":[{"href":"https:\/\/conja.net\/index.php?rest_route=\/wp\/v2\/pages\/190","targetHints":{"allow":["GET"]}}],"collection":[{"href":"https:\/\/conja.net\/index.php?rest_route=\/wp\/v2\/pages"}],"about":[{"href":"https:\/\/conja.net\/index.php?rest_route=\/wp\/v2\/types\/page"}],"author":[{"embeddable":true,"href":"https:\/\/conja.net\/index.php?rest_route=\/wp\/v2\/users\/1"}],"replies":[{"embeddable":true,"href":"https:\/\/conja.net\/index.php?rest_route=%2Fwp%2Fv2%2Fcomments&post=190"}],"version-history":[{"count":10,"href":"https:\/\/conja.net\/index.php?rest_route=\/wp\/v2\/pages\/190\/revisions"}],"predecessor-version":[{"id":219,"href":"https:\/\/conja.net\/index.php?rest_route=\/wp\/v2\/pages\/190\/revisions\/219"}],"wp:attachment":[{"href":"https:\/\/conja.net\/index.php?rest_route=%2Fwp%2Fv2%2Fmedia&parent=190"}],"curies":[{"name":"wp","href":"https:\/\/api.w.org\/{rel}","templated":true}]}}