{"id":211,"date":"2025-01-11T11:53:17","date_gmt":"2025-01-11T11:53:17","guid":{"rendered":"https:\/\/staging.conja.net\/?page_id=211"},"modified":"2025-01-11T11:55:39","modified_gmt":"2025-01-11T11:55:39","slug":"geschaeftsfeldentwicklung","status":"publish","type":"page","link":"https:\/\/conja.net\/?page_id=211","title":{"rendered":"Gesch\u00e4ftsfeldentwicklung"},"content":{"rendered":"\t\t<div data-elementor-type=\"wp-page\" data-elementor-id=\"211\" class=\"elementor elementor-211\" data-elementor-post-type=\"page\">\n\t\t\t\t<div class=\"elementor-element elementor-element-1303bcdc e-con-full e-flex e-con e-parent\" data-id=\"1303bcdc\" data-element_type=\"container\">\n\t\t<div class=\"elementor-element elementor-element-63274624 e-flex e-con-boxed e-con e-child\" data-id=\"63274624\" data-element_type=\"container\" data-settings=\"{&quot;background_background&quot;:&quot;classic&quot;}\">\n\t\t\t\t\t<div class=\"e-con-inner\">\n\t\t\t\t<div class=\"elementor-element elementor-element-1ba91dcd elementor-widget elementor-widget-text-editor\" data-id=\"1ba91dcd\" data-element_type=\"widget\" data-widget_type=\"text-editor.default\">\n\t\t\t\t<div class=\"elementor-widget-container\">\n\t\t\t\t\t\t\t<h1><strong class=\"bold-text\">Gesch\u00e4ftsfeldentwicklung<\/strong><\/h1>\t\t\t\t\t\t<\/div>\n\t\t\t\t<\/div>\n\t\t\t\t<div class=\"elementor-element elementor-element-544fd38d elementor-widget-divider--view-line elementor-widget elementor-widget-divider\" data-id=\"544fd38d\" data-element_type=\"widget\" data-widget_type=\"divider.default\">\n\t\t\t\t<div class=\"elementor-widget-container\">\n\t\t\t\t\t<div class=\"elementor-divider\">\n\t\t\t<span class=\"elementor-divider-separator\">\n\t\t\t\t\t\t<\/span>\n\t\t<\/div>\n\t\t\t\t<\/div>\n\t\t\t\t<\/div>\n\t\t\t\t<div class=\"elementor-element elementor-element-41ec7950 elementor-widget elementor-widget-text-editor\" data-id=\"41ec7950\" data-element_type=\"widget\" data-widget_type=\"text-editor.default\">\n\t\t\t\t<div class=\"elementor-widget-container\">\n\t\t\t\t\t\t\t<p>Wir betrachten Unternehmen und M\u00e4rkte ganzheitlich und finden<br \/>die beste Gesch\u00e4ftsfeldstrategie f\u00fcr Ihr Unternehmen.<\/p>\t\t\t\t\t\t<\/div>\n\t\t\t\t<\/div>\n\t\t\t\t\t<\/div>\n\t\t\t\t<\/div>\n\t\t\t\t<div class=\"elementor-element elementor-element-52815d43 elementor-widget elementor-widget-image\" data-id=\"52815d43\" data-element_type=\"widget\" data-widget_type=\"image.default\">\n\t\t\t\t<div class=\"elementor-widget-container\">\n\t\t\t\t\t\t\t\t\t\t\t\t\t<img fetchpriority=\"high\" decoding=\"async\" width=\"800\" height=\"480\" src=\"https:\/\/conja.net\/wp-content\/uploads\/2025\/01\/conja_5-1024x614.jpg\" class=\"attachment-large size-large wp-image-213\" alt=\"\" srcset=\"https:\/\/conja.net\/wp-content\/uploads\/2025\/01\/conja_5-1024x614.jpg 1024w, https:\/\/conja.net\/wp-content\/uploads\/2025\/01\/conja_5-300x180.jpg 300w, https:\/\/conja.net\/wp-content\/uploads\/2025\/01\/conja_5-768x461.jpg 768w, https:\/\/conja.net\/wp-content\/uploads\/2025\/01\/conja_5-1536x922.jpg 1536w, https:\/\/conja.net\/wp-content\/uploads\/2025\/01\/conja_5.jpg 2000w\" sizes=\"(max-width: 800px) 100vw, 800px\" \/>\t\t\t\t\t\t\t\t\t\t\t\t\t<\/div>\n\t\t\t\t<\/div>\n\t\t<div class=\"elementor-element elementor-element-4e7785e8 e-flex e-con-boxed e-con e-child\" data-id=\"4e7785e8\" data-element_type=\"container\">\n\t\t\t\t\t<div class=\"e-con-inner\">\n\t\t\t\t<div class=\"elementor-element elementor-element-ef2eab2 elementor-widget elementor-widget-text-editor\" data-id=\"ef2eab2\" data-element_type=\"widget\" data-widget_type=\"text-editor.default\">\n\t\t\t\t<div class=\"elementor-widget-container\">\n\t\t\t\t\t\t\t<p class=\"paragraph-4\">Das Verkaufen komplexer Produkte oder Dienstleistungen befindet sich in st\u00e4ndiger Ver\u00e4nderung. Ein einziges Pr\u00e4sentationsformat mit der dazugeh\u00f6rigen Funktionalit\u00e4t und Leistungsspektrum reicht keineswegs mehr aus, um zum Ziel zu gelangen. Vertriebe m\u00fcssen sich deutlich st\u00e4rker in die Zielm\u00e4rkte und Zielorganisation einbringen. Der Verkaufsprozess ist nicht mehr linear, sondern verkauft wird in M\u00e4rkten und in Netzwerken von Partnern und Entscheidungstr\u00e4gern, die m\u00f6glicherweise sogar miteinander in Konkurrenz stehen. Conja hilft Ihnen mit der Identifizierung der relevanten M\u00e4rkte, Netzwerke und von Zielgruppen, wie Entscheidern, Vorbereitern, Beratern und Kompetenztr\u00e4gen.<\/p>\t\t\t\t\t\t<\/div>\n\t\t\t\t<\/div>\n\t\t\t\t<div class=\"elementor-element elementor-element-98badbf elementor-widget elementor-widget-text-editor\" data-id=\"98badbf\" data-element_type=\"widget\" data-widget_type=\"text-editor.default\">\n\t\t\t\t<div class=\"elementor-widget-container\">\n\t\t\t\t\t\t\t<ul role=\"list\"><li class=\"list-item\">Marktanalysen<\/li><li class=\"list-item\">Marktanalysen<\/li><li class=\"list-item\">Wettbewerberanalyse<\/li><li class=\"list-item\">Kundenanalysen<\/li><li class=\"list-item\">Produkt- \/ Leistungsanalysen<\/li><li class=\"list-item\">Finanzplanung<\/li><li class=\"list-item\">Werbekonzeption<\/li><li class=\"list-item\">Coaching<\/li><li class=\"list-item\">Benchmarking<\/li><li class=\"list-item\">Strategiekonzeptionen<\/li><li class=\"list-item\">Kapitalvermittlung<\/li><\/ul>\t\t\t\t\t\t<\/div>\n\t\t\t\t<\/div>\n\t\t\t\t\t<\/div>\n\t\t\t\t<\/div>\n\t\t\t\t<\/div>\n\t\t\t\t<\/div>\n\t\t","protected":false},"excerpt":{"rendered":"<p>Gesch\u00e4ftsfeldentwicklung Wir betrachten Unternehmen und M\u00e4rkte ganzheitlich und findendie beste Gesch\u00e4ftsfeldstrategie f\u00fcr Ihr Unternehmen. Das Verkaufen komplexer Produkte oder Dienstleistungen befindet sich in st\u00e4ndiger Ver\u00e4nderung. Ein einziges Pr\u00e4sentationsformat mit der dazugeh\u00f6rigen Funktionalit\u00e4t und Leistungsspektrum reicht keineswegs mehr aus, um zum Ziel zu gelangen. Vertriebe m\u00fcssen sich deutlich st\u00e4rker in die Zielm\u00e4rkte und Zielorganisation einbringen. Der [&hellip;]<\/p>\n","protected":false},"author":1,"featured_media":0,"parent":0,"menu_order":0,"comment_status":"closed","ping_status":"closed","template":"","meta":{"footnotes":""},"class_list":["post-211","page","type-page","status-publish","hentry"],"_links":{"self":[{"href":"https:\/\/conja.net\/index.php?rest_route=\/wp\/v2\/pages\/211","targetHints":{"allow":["GET"]}}],"collection":[{"href":"https:\/\/conja.net\/index.php?rest_route=\/wp\/v2\/pages"}],"about":[{"href":"https:\/\/conja.net\/index.php?rest_route=\/wp\/v2\/types\/page"}],"author":[{"embeddable":true,"href":"https:\/\/conja.net\/index.php?rest_route=\/wp\/v2\/users\/1"}],"replies":[{"embeddable":true,"href":"https:\/\/conja.net\/index.php?rest_route=%2Fwp%2Fv2%2Fcomments&post=211"}],"version-history":[{"count":4,"href":"https:\/\/conja.net\/index.php?rest_route=\/wp\/v2\/pages\/211\/revisions"}],"predecessor-version":[{"id":216,"href":"https:\/\/conja.net\/index.php?rest_route=\/wp\/v2\/pages\/211\/revisions\/216"}],"wp:attachment":[{"href":"https:\/\/conja.net\/index.php?rest_route=%2Fwp%2Fv2%2Fmedia&parent=211"}],"curies":[{"name":"wp","href":"https:\/\/api.w.org\/{rel}","templated":true}]}}