{"id":223,"date":"2025-01-11T11:56:55","date_gmt":"2025-01-11T11:56:55","guid":{"rendered":"https:\/\/staging.conja.net\/?page_id=223"},"modified":"2025-01-11T11:59:20","modified_gmt":"2025-01-11T11:59:20","slug":"vertriebsentwicklung","status":"publish","type":"page","link":"https:\/\/conja.net\/?page_id=223","title":{"rendered":"Vertriebsentwicklung"},"content":{"rendered":"\t\t<div data-elementor-type=\"wp-page\" data-elementor-id=\"223\" class=\"elementor elementor-223\" data-elementor-post-type=\"page\">\n\t\t\t\t<div class=\"elementor-element elementor-element-4835749f e-con-full e-flex e-con e-parent\" data-id=\"4835749f\" data-element_type=\"container\">\n\t\t<div class=\"elementor-element elementor-element-24ee76e8 e-flex e-con-boxed e-con e-child\" data-id=\"24ee76e8\" data-element_type=\"container\" data-settings=\"{&quot;background_background&quot;:&quot;classic&quot;}\">\n\t\t\t\t\t<div class=\"e-con-inner\">\n\t\t\t\t<div class=\"elementor-element elementor-element-73d9afda elementor-widget elementor-widget-text-editor\" data-id=\"73d9afda\" data-element_type=\"widget\" data-widget_type=\"text-editor.default\">\n\t\t\t\t<div class=\"elementor-widget-container\">\n\t\t\t\t\t\t\t<h1><strong class=\"bold-text\">Vertriebsentwicklung<\/strong><\/h1>\t\t\t\t\t\t<\/div>\n\t\t\t\t<\/div>\n\t\t\t\t<div class=\"elementor-element elementor-element-22af8583 elementor-widget-divider--view-line elementor-widget elementor-widget-divider\" data-id=\"22af8583\" data-element_type=\"widget\" data-widget_type=\"divider.default\">\n\t\t\t\t<div class=\"elementor-widget-container\">\n\t\t\t\t\t<div class=\"elementor-divider\">\n\t\t\t<span class=\"elementor-divider-separator\">\n\t\t\t\t\t\t<\/span>\n\t\t<\/div>\n\t\t\t\t<\/div>\n\t\t\t\t<\/div>\n\t\t\t\t<div class=\"elementor-element elementor-element-18f7778b elementor-widget elementor-widget-text-editor\" data-id=\"18f7778b\" data-element_type=\"widget\" data-widget_type=\"text-editor.default\">\n\t\t\t\t<div class=\"elementor-widget-container\">\n\t\t\t\t\t\t\t<p>Ihr Vertrieb l\u00e4sst sich immer optimieren. Wir wissen, wie Sie neue<br \/>Segmente erkennen und neue Kunden finden.<\/p>\t\t\t\t\t\t<\/div>\n\t\t\t\t<\/div>\n\t\t\t\t\t<\/div>\n\t\t\t\t<\/div>\n\t\t\t\t<div class=\"elementor-element elementor-element-513ccf57 elementor-widget elementor-widget-image\" data-id=\"513ccf57\" data-element_type=\"widget\" data-widget_type=\"image.default\">\n\t\t\t\t<div class=\"elementor-widget-container\">\n\t\t\t\t\t\t\t\t\t\t\t\t\t<img fetchpriority=\"high\" decoding=\"async\" width=\"800\" height=\"480\" src=\"https:\/\/conja.net\/wp-content\/uploads\/2025\/01\/conja_4-1024x614.jpg\" class=\"attachment-large size-large wp-image-225\" alt=\"\" srcset=\"https:\/\/conja.net\/wp-content\/uploads\/2025\/01\/conja_4-1024x614.jpg 1024w, https:\/\/conja.net\/wp-content\/uploads\/2025\/01\/conja_4-300x180.jpg 300w, https:\/\/conja.net\/wp-content\/uploads\/2025\/01\/conja_4-768x461.jpg 768w, https:\/\/conja.net\/wp-content\/uploads\/2025\/01\/conja_4-1536x922.jpg 1536w, https:\/\/conja.net\/wp-content\/uploads\/2025\/01\/conja_4.jpg 2000w\" sizes=\"(max-width: 800px) 100vw, 800px\" \/>\t\t\t\t\t\t\t\t\t\t\t\t\t<\/div>\n\t\t\t\t<\/div>\n\t\t<div class=\"elementor-element elementor-element-592f51dc e-flex e-con-boxed e-con e-child\" data-id=\"592f51dc\" data-element_type=\"container\">\n\t\t\t\t\t<div class=\"e-con-inner\">\n\t\t\t\t<div class=\"elementor-element elementor-element-5f3d4272 elementor-widget elementor-widget-text-editor\" data-id=\"5f3d4272\" data-element_type=\"widget\" data-widget_type=\"text-editor.default\">\n\t\t\t\t<div class=\"elementor-widget-container\">\n\t\t\t\t\t\t\t<p>Marketing bedeutet heute feinste Methoden und Werkzeuge zu entwickeln um damit dem Vertrieb die Orientierung zu geben, die er braucht. Das Marketing legt fest, welches Produkt zu welchem Preis f\u00fcr welchen Kunden den gr\u00f6\u00dften Nutzen liefert und damit am effektivsten verkaufbar ist. Diese Informationen sind die Grundlage f\u00fcr die Aktivit\u00e4ten des Vertriebs Kunden gezielt, nutzenorientiert und -optimiert anzusprechen. Conja hilft Ihnen dabei R\u00e4ume zwischen Marketing und Vertrieb zu schlie\u00dfen, Kompetenz in der erfolgreichen Orchestrierung zu erlangen und eine Strategie zur sinnvollen und erfolgsorientierten Bedarfserf\u00fcllung zu entwickeln.Unternehmer, Entscheider und Arbeitnehmer wissen recht genau, welchen Herausforderungen sich ihr Unternehmen aktuell stellen muss. Dabei verf\u00fcgen sie in der Regel \u00fcber ausreichend Kompetenzen und Erfahrungen sich diesen Aufgaben zu stellen. Die konsequenterweise starke Einbindung in das Tagesgesch\u00e4ft f\u00fchrt jedoch zu einer nat\u00fcrlichen Begrenzung der daf\u00fcr ben\u00f6tigten Ressourcen.<\/p><p>Wir entlasten und unterst\u00fctzen Unternehmen im Aufbau und in der erfolgreichen Fortf\u00fchrung ihrer \u00a0Gesch\u00e4ftsentwicklung. Die Schwerpunkte unserer Arbeit liegen in der Vertriebs \u2013 und Marketingentwicklung, im Organisationsaufbau und der Finanzierung von Investitionsvorhaben, sowohl operativ als auch strategisch. Dabei stellen wir durch unsere T\u00e4tigkeit dem Unternehmen zus\u00e4tzliche Ressourcen zur Verf\u00fcgung und geben unternehmerische Impulse.<\/p>\t\t\t\t\t\t<\/div>\n\t\t\t\t<\/div>\n\t\t\t\t<div class=\"elementor-element elementor-element-8440487 elementor-widget elementor-widget-text-editor\" data-id=\"8440487\" data-element_type=\"widget\" data-widget_type=\"text-editor.default\">\n\t\t\t\t<div class=\"elementor-widget-container\">\n\t\t\t\t\t\t\t<p class=\"paragraph-4\"><span class=\"text-span\">\u201eWie in einem guten Theater liefert Marketing das Thema, schreibt die Geschichte, baut die passende Kulisse, erstellt die Plakate und interessiert Zuschauer. Der Vertrieb stellt die Schauspieler, die das St\u00fcck \u00fcberzeugend und zur Begeisterung der Zuschauer spielen.\u201c<\/span><\/p><ul role=\"list\"><li class=\"list-item\">Vertriebsberatung \u2013 Vertriebsanalyse<\/li><li class=\"list-item\">Produkt \u2013 und Sortimentsanalyse<\/li><li class=\"list-item\">Wettbewerberanalyse<\/li><li class=\"list-item\">Analyse des Marketing-Kommunikations-Mix<\/li><li class=\"list-item\">Analyse und Planung Vertriebsorganisation (Organisationsform, Standorte, Ressourcen)<\/li><li class=\"list-item\">Schnittstellenmanagement (Marketing, Verwaltung, Kunde)<\/li><li class=\"list-item\">Planung und Kontrolle der Vertriebsaktivit\u00e4ten (Entwicklung Planungsinstrumente\/Inhalte)<\/li><li class=\"list-item\">F\u00fchrungsverhalten und Vertriebskultur<\/li><li class=\"list-item\">Entwickelung von Vertriebsstrategien<\/li><li class=\"list-item\">Kundenpotenzial-Analysen<\/li><li class=\"list-item\">Ansprache von Kundensegmenten<\/li><li class=\"list-item\">Analyse und Aufzeigen Ihrer Vertriebspotenziale<\/li><li class=\"list-item\">Kundenbindungsprogramme<\/li><li class=\"list-item\">Coaching<\/li><li class=\"list-item\">Vermittlung Projektleitung<\/li><li class=\"list-item\">Interim Management Sales<\/li><\/ul>\t\t\t\t\t\t<\/div>\n\t\t\t\t<\/div>\n\t\t\t\t\t<\/div>\n\t\t\t\t<\/div>\n\t\t\t\t<\/div>\n\t\t\t\t<\/div>\n\t\t","protected":false},"excerpt":{"rendered":"<p>Vertriebsentwicklung Ihr Vertrieb l\u00e4sst sich immer optimieren. Wir wissen, wie Sie neueSegmente erkennen und neue Kunden finden. Marketing bedeutet heute feinste Methoden und Werkzeuge zu entwickeln um damit dem Vertrieb die Orientierung zu geben, die er braucht. Das Marketing legt fest, welches Produkt zu welchem Preis f\u00fcr welchen Kunden den gr\u00f6\u00dften Nutzen liefert und damit [&hellip;]<\/p>\n","protected":false},"author":1,"featured_media":0,"parent":0,"menu_order":0,"comment_status":"closed","ping_status":"closed","template":"","meta":{"footnotes":""},"class_list":["post-223","page","type-page","status-publish","hentry"],"_links":{"self":[{"href":"https:\/\/conja.net\/index.php?rest_route=\/wp\/v2\/pages\/223","targetHints":{"allow":["GET"]}}],"collection":[{"href":"https:\/\/conja.net\/index.php?rest_route=\/wp\/v2\/pages"}],"about":[{"href":"https:\/\/conja.net\/index.php?rest_route=\/wp\/v2\/types\/page"}],"author":[{"embeddable":true,"href":"https:\/\/conja.net\/index.php?rest_route=\/wp\/v2\/users\/1"}],"replies":[{"embeddable":true,"href":"https:\/\/conja.net\/index.php?rest_route=%2Fwp%2Fv2%2Fcomments&post=223"}],"version-history":[{"count":7,"href":"https:\/\/conja.net\/index.php?rest_route=\/wp\/v2\/pages\/223\/revisions"}],"predecessor-version":[{"id":234,"href":"https:\/\/conja.net\/index.php?rest_route=\/wp\/v2\/pages\/223\/revisions\/234"}],"wp:attachment":[{"href":"https:\/\/conja.net\/index.php?rest_route=%2Fwp%2Fv2%2Fmedia&parent=223"}],"curies":[{"name":"wp","href":"https:\/\/api.w.org\/{rel}","templated":true}]}}