{"id":235,"date":"2025-01-11T12:00:01","date_gmt":"2025-01-11T12:00:01","guid":{"rendered":"https:\/\/staging.conja.net\/?page_id=235"},"modified":"2025-01-11T12:04:51","modified_gmt":"2025-01-11T12:04:51","slug":"systemische-organisationsentwicklung","status":"publish","type":"page","link":"https:\/\/conja.net\/?page_id=235","title":{"rendered":"Systemische Organisationsentwicklung"},"content":{"rendered":"\t\t<div data-elementor-type=\"wp-page\" data-elementor-id=\"235\" class=\"elementor elementor-235\" data-elementor-post-type=\"page\">\n\t\t\t\t<div class=\"elementor-element elementor-element-284df159 e-con-full e-flex e-con e-parent\" data-id=\"284df159\" data-element_type=\"container\">\n\t\t<div class=\"elementor-element elementor-element-4fb68c58 e-flex e-con-boxed e-con e-child\" data-id=\"4fb68c58\" data-element_type=\"container\" data-settings=\"{&quot;background_background&quot;:&quot;classic&quot;}\">\n\t\t\t\t\t<div class=\"e-con-inner\">\n\t\t\t\t<div class=\"elementor-element elementor-element-6d098118 elementor-widget elementor-widget-text-editor\" data-id=\"6d098118\" data-element_type=\"widget\" data-widget_type=\"text-editor.default\">\n\t\t\t\t<div class=\"elementor-widget-container\">\n\t\t\t\t\t\t\t<p><strong>SYSTEMISCHE<\/strong><\/p><p>ORGANISATIONSENTWICKLUNG<\/p>\t\t\t\t\t\t<\/div>\n\t\t\t\t<\/div>\n\t\t\t\t<div class=\"elementor-element elementor-element-5197a98 elementor-widget-divider--view-line elementor-widget elementor-widget-divider\" data-id=\"5197a98\" data-element_type=\"widget\" data-widget_type=\"divider.default\">\n\t\t\t\t<div class=\"elementor-widget-container\">\n\t\t\t\t\t<div class=\"elementor-divider\">\n\t\t\t<span class=\"elementor-divider-separator\">\n\t\t\t\t\t\t<\/span>\n\t\t<\/div>\n\t\t\t\t<\/div>\n\t\t\t\t<\/div>\n\t\t\t\t<div class=\"elementor-element elementor-element-a756ab3 elementor-widget elementor-widget-text-editor\" data-id=\"a756ab3\" data-element_type=\"widget\" data-widget_type=\"text-editor.default\">\n\t\t\t\t<div class=\"elementor-widget-container\">\n\t\t\t\t\t\t\t<p>In einer Potenzialanalyse entwickeln wir gemeinsam innovative und<br \/>pragmatische Ans\u00e4tze, die Ihre Mitarbeiter in Bestleisterprozesse einbinden.<\/p>\t\t\t\t\t\t<\/div>\n\t\t\t\t<\/div>\n\t\t\t\t\t<\/div>\n\t\t\t\t<\/div>\n\t\t\t\t<div class=\"elementor-element elementor-element-2ed7fe79 elementor-widget elementor-widget-image\" data-id=\"2ed7fe79\" data-element_type=\"widget\" data-widget_type=\"image.default\">\n\t\t\t\t<div class=\"elementor-widget-container\">\n\t\t\t\t\t\t\t\t\t\t\t\t\t<img fetchpriority=\"high\" decoding=\"async\" width=\"800\" height=\"480\" src=\"https:\/\/conja.net\/wp-content\/uploads\/2024\/09\/conja_1-p-1600-1024x614.jpeg\" class=\"attachment-large size-large wp-image-27\" alt=\"\" srcset=\"https:\/\/conja.net\/wp-content\/uploads\/2024\/09\/conja_1-p-1600-1024x614.jpeg 1024w, https:\/\/conja.net\/wp-content\/uploads\/2024\/09\/conja_1-p-1600-300x180.jpeg 300w, https:\/\/conja.net\/wp-content\/uploads\/2024\/09\/conja_1-p-1600-768x461.jpeg 768w, https:\/\/conja.net\/wp-content\/uploads\/2024\/09\/conja_1-p-1600-1536x922.jpeg 1536w, https:\/\/conja.net\/wp-content\/uploads\/2024\/09\/conja_1-p-1600.jpeg 1600w\" sizes=\"(max-width: 800px) 100vw, 800px\" \/>\t\t\t\t\t\t\t\t\t\t\t\t\t<\/div>\n\t\t\t\t<\/div>\n\t\t<div class=\"elementor-element elementor-element-3a89be9e e-flex e-con-boxed e-con e-child\" data-id=\"3a89be9e\" data-element_type=\"container\">\n\t\t\t\t\t<div class=\"e-con-inner\">\n\t\t\t\t<div class=\"elementor-element elementor-element-4263faed elementor-widget elementor-widget-text-editor\" data-id=\"4263faed\" data-element_type=\"widget\" data-widget_type=\"text-editor.default\">\n\t\t\t\t<div class=\"elementor-widget-container\">\n\t\t\t\t\t\t\t<p>Systemische Organisationsentwicklung und agile Transformation mit der Alchimedus-Methode<\/p><p>Ganzheitlich. Innovativ. Handlungsorientiert.<\/p><p>Mit der Alchimedus-Methode er\u00f6ffnen wir Unternehmen neue Perspektiven, um Potenziale systematisch zu erkennen und effizient zu nutzen. Als zertifizierter Alchimedus-Master begleite ich Sie durch einen praxisorientierten Transformationsprozess, der die Herausforderungen der Digitalen Transformation und Nachhaltigkeit gleicherma\u00dfen ber\u00fccksichtigt.<\/p><p><strong>Ihr Nutzen auf einen Blick:<\/strong><\/p><ul><li>Minimaler Aufwand, maximale Effizienz: Mit nur 60 Fragen erfassen wir die wesentlichen Kriterien guter Unternehmensf\u00fchrung.<\/li><li>Nachhaltige Erfolge: Wir st\u00e4rken die Widerstandsf\u00e4higkeit Ihrer Organisation, f\u00f6rdern nachhaltige Innovation und senken dabei Kosten.<\/li><li>Zukunftsorientierte Projekte: Gemeinsam entwickeln wir mindestens drei konkrete Projekte f\u00fcr Ihren langfristigen Erfolg.<\/li><\/ul><p><br \/><strong>Der Beratungsansatz:<\/strong><\/p><p>Am Beginn steht eine strategische Analyse, die betriebswirtschaftliche und ESG-Kriterien gleicherma\u00dfen einbezieht. Ziel ist es, Ihre Visionen, Ziele und die F\u00e4higkeiten Ihrer Mitarbeitenden in den Optimierungsprozess zu integrieren. So schaffen wir Engagement, Motivation und messbaren Erfolg.<\/p><p><strong>Der Transformationsprozess:<\/strong><\/p><ul><li>Systemische Organisationsentwicklung: Aufbau widerstandsf\u00e4higer Strukturen und Optimierung Ihrer Prozesse.<\/li><li>Agile Methoden: Einf\u00fchrung moderner Arbeitsans\u00e4tze wie SCRUM und individuell angepasster L\u00f6sungen f\u00fcr Ihre betriebliche Realit\u00e4t.<\/li><li>Nachhaltige Konzepte: Entwicklung mitarbeiterorientierter Strategien, die auf die Herausforderungen des demografischen, digitalen und \u00f6kologischen Wandels vorbereitet sind.<\/li><\/ul><p><br \/><strong>Das Ergebnis:<\/strong><\/p><p>Die richtige Arbeit mit den richtigen Mitteln durch die richtigen Mitarbeitenden! Wir liefern Ihnen sp\u00fcrbare Umsetzungsideen und zukunftsweisende Projekte, die Ihre Organisation fit f\u00fcr die Herausforderungen von morgen machen.<\/p><p>Mehr Informationen zur Alchimedus-Methode finden Sie unter: www.alchimedus-methode.de<\/p><p><strong>PRAGMATISCH. SCHNELL. ZUKUNFTSORIENTIERT.<\/strong><br \/>Starten Sie jetzt Ihre Transformation \u2013 mit Conja an Ihrer Seite!<\/p>\t\t\t\t\t\t<\/div>\n\t\t\t\t<\/div>\n\t\t\t\t\t<\/div>\n\t\t\t\t<\/div>\n\t\t\t\t<\/div>\n\t\t\t\t<\/div>\n\t\t","protected":false},"excerpt":{"rendered":"<p>SYSTEMISCHE ORGANISATIONSENTWICKLUNG In einer Potenzialanalyse entwickeln wir gemeinsam innovative undpragmatische Ans\u00e4tze, die Ihre Mitarbeiter in Bestleisterprozesse einbinden. Systemische Organisationsentwicklung und agile Transformation mit der Alchimedus-Methode Ganzheitlich. Innovativ. Handlungsorientiert. Mit der Alchimedus-Methode er\u00f6ffnen wir Unternehmen neue Perspektiven, um Potenziale systematisch zu erkennen und effizient zu nutzen. Als zertifizierter Alchimedus-Master begleite ich Sie durch einen praxisorientierten Transformationsprozess, [&hellip;]<\/p>\n","protected":false},"author":1,"featured_media":0,"parent":0,"menu_order":0,"comment_status":"closed","ping_status":"closed","template":"","meta":{"footnotes":""},"class_list":["post-235","page","type-page","status-publish","hentry"],"_links":{"self":[{"href":"https:\/\/conja.net\/index.php?rest_route=\/wp\/v2\/pages\/235","targetHints":{"allow":["GET"]}}],"collection":[{"href":"https:\/\/conja.net\/index.php?rest_route=\/wp\/v2\/pages"}],"about":[{"href":"https:\/\/conja.net\/index.php?rest_route=\/wp\/v2\/types\/page"}],"author":[{"embeddable":true,"href":"https:\/\/conja.net\/index.php?rest_route=\/wp\/v2\/users\/1"}],"replies":[{"embeddable":true,"href":"https:\/\/conja.net\/index.php?rest_route=%2Fwp%2Fv2%2Fcomments&post=235"}],"version-history":[{"count":4,"href":"https:\/\/conja.net\/index.php?rest_route=\/wp\/v2\/pages\/235\/revisions"}],"predecessor-version":[{"id":239,"href":"https:\/\/conja.net\/index.php?rest_route=\/wp\/v2\/pages\/235\/revisions\/239"}],"wp:attachment":[{"href":"https:\/\/conja.net\/index.php?rest_route=%2Fwp%2Fv2%2Fmedia&parent=235"}],"curies":[{"name":"wp","href":"https:\/\/api.w.org\/{rel}","templated":true}]}}